{"id":57,"date":"2025-09-11T19:01:04","date_gmt":"2025-09-11T17:01:04","guid":{"rendered":"https:\/\/snoop-video.fr\/?page_id=57"},"modified":"2025-09-13T18:39:24","modified_gmt":"2025-09-13T16:39:24","slug":"video","status":"publish","type":"page","link":"https:\/\/snoop-video.fr\/","title":{"rendered":"Vid\u00e9o"},"content":{"rendered":"<div class=\"wp-block-image\">\n<figure class=\"aligncenter size-large is-resized\"><img loading=\"lazy\" decoding=\"async\" width=\"1024\" height=\"646\" src=\"https:\/\/snoop-video.fr\/wp-content\/uploads\/2025\/09\/Logo-snoop-vert-1024x646.png\" alt=\"logo snoop vert\" class=\"wp-image-256\" style=\"width:309px;height:auto\" srcset=\"https:\/\/snoop-video.fr\/wp-content\/uploads\/2025\/09\/Logo-snoop-vert-1024x646.png 1024w, https:\/\/snoop-video.fr\/wp-content\/uploads\/2025\/09\/Logo-snoop-vert-300x189.png 300w, https:\/\/snoop-video.fr\/wp-content\/uploads\/2025\/09\/Logo-snoop-vert-768x485.png 768w, https:\/\/snoop-video.fr\/wp-content\/uploads\/2025\/09\/Logo-snoop-vert.png 1499w\" sizes=\"auto, (max-width: 1024px) 100vw, 1024px\" \/><\/figure>\n<\/div>\n\n\n<p class=\"has-text-align-center has-medium-font-size\"><strong><mark style=\"background-color:rgba(0, 0, 0, 0)\" class=\"has-inline-color has-cyan-bluish-gray-color\">Chaque projet que nous r\u00e9alisons raconte une histoire unique.<\/mark><\/strong><\/p>\n\n\n\n<p class=\"has-text-align-center has-medium-font-size\"><strong><mark style=\"background-color:rgba(0, 0, 0, 0)\" class=\"has-inline-color has-cyan-bluish-gray-color\">De la conception \u00e0 la post-production, nous mettons en lumi\u00e8re la cr\u00e9ativit\u00e9 et l\u2019expertise de chaque intervenant.<\/mark><\/strong><\/p>\n\n\n\n<p class=\"has-text-align-center has-medium-font-size\"><strong><mark style=\"background-color:rgba(0, 0, 0, 0)\" class=\"has-inline-color has-cyan-bluish-gray-color\">En parcourant notre s\u00e9lection de vid\u00e9os, vous d\u00e9couvrirez la diversit\u00e9 de nos r\u00e9alisations : publicit\u00e9s, courts-m\u00e9trages, clips, ou contenus institutionnels. Chaque r\u00e9alisation refl\u00e8te notre capacit\u00e9 \u00e0 transformer une id\u00e9e en exp\u00e9rience visuelle impactante, tout en valorisant la collaboration entre professionnels ind\u00e9pendants et passionn\u00e9s.<\/mark><\/strong><\/p>\n\n\n\n<div class=\"wp-block-group\"><div class=\"wp-block-group__inner-container is-layout-constrained wp-block-group-is-layout-constrained\">\n<figure class=\"wp-block-embed is-type-video is-provider-vimeo wp-block-embed-vimeo wp-embed-aspect-16-9 wp-has-aspect-ratio\"><div class=\"wp-block-embed__wrapper\">\n<iframe loading=\"lazy\" title=\"Envie Danse 2024 Master HD\" src=\"https:\/\/player.vimeo.com\/video\/960527372?dnt=1&amp;app_id=122963\" width=\"640\" height=\"360\" frameborder=\"0\" allow=\"autoplay; fullscreen; picture-in-picture; clipboard-write; encrypted-media; web-share\" referrerpolicy=\"strict-origin-when-cross-origin\"><\/iframe>\n<\/div><figcaption class=\"wp-element-caption\"><a href=\"https:\/\/www.enviedanse.com\/\" data-type=\"link\" data-id=\"https:\/\/www.enviedanse.com\/\">Envie Danse<\/a> 2024 Master HD<\/figcaption><\/figure>\n\n\n\n<div class=\"wp-block-group\"><div class=\"wp-block-group__inner-container is-layout-constrained wp-block-group-is-layout-constrained\">\n<figure class=\"wp-block-embed alignleft is-type-video is-provider-vimeo wp-block-embed-vimeo wp-embed-aspect-16-9 wp-has-aspect-ratio\"><div class=\"wp-block-embed__wrapper\">\n<iframe loading=\"lazy\" title=\"Eric RobotC 16_9\" src=\"https:\/\/player.vimeo.com\/video\/868200964?dnt=1&amp;app_id=122963\" width=\"640\" height=\"360\" frameborder=\"0\" allow=\"autoplay; fullscreen; picture-in-picture; clipboard-write; encrypted-media; web-share\" referrerpolicy=\"strict-origin-when-cross-origin\"><\/iframe>\n<\/div><figcaption class=\"wp-element-caption\"><a href=\"https:\/\/www.linkedin.com\/in\/eric-hirschi?miniProfileUrn=urn%3Ali%3Afsd_profile%3AACoAAALq5_8BRw_16wgLKeqa1gOldm_Dr3x_CtI\">Eric Hirschi<\/a> en Robot<\/figcaption><\/figure>\n\n\n\n<figure class=\"wp-block-embed alignleft is-type-video is-provider-vimeo wp-block-embed-vimeo wp-embed-aspect-16-9 wp-has-aspect-ratio\"><div class=\"wp-block-embed__wrapper\">\n<iframe loading=\"lazy\" title=\"Teaser FdN 2021.mp4\" src=\"https:\/\/player.vimeo.com\/video\/651624430?dnt=1&amp;app_id=122963\" width=\"640\" height=\"360\" frameborder=\"0\" allow=\"autoplay; fullscreen; picture-in-picture; clipboard-write; encrypted-media; web-share\" referrerpolicy=\"strict-origin-when-cross-origin\"><\/iframe>\n<\/div><figcaption class=\"wp-element-caption\">Teaser<a href=\"https:\/\/www.herault-tourisme.com\/fr\/decouvrir\/culture-et-patrimoine\/au-fil-des-saisons\/que-faire-en-hiver\/top-des-feeries-de-noel\/\" data-type=\"link\" data-id=\"https:\/\/www.herault-tourisme.com\/fr\/decouvrir\/culture-et-patrimoine\/au-fil-des-saisons\/que-faire-en-hiver\/top-des-feeries-de-noel\/\"> F\u00e9\u00e9ries de No\u00ebl<\/a> P\u00c9Z\u00c9NAS 2021<\/figcaption><\/figure>\n\n\n\n<figure class=\"wp-block-embed alignleft is-type-video is-provider-vimeo wp-block-embed-vimeo wp-embed-aspect-16-9 wp-has-aspect-ratio\"><div class=\"wp-block-embed__wrapper\">\n<iframe loading=\"lazy\" title=\"Nadal Mapping Pe\u0301zenas 2021.mp4\" src=\"https:\/\/player.vimeo.com\/video\/660381426?dnt=1&amp;app_id=122963\" width=\"640\" height=\"360\" frameborder=\"0\" allow=\"autoplay; fullscreen; picture-in-picture; clipboard-write; encrypted-media; web-share\" referrerpolicy=\"strict-origin-when-cross-origin\"><\/iframe>\n<\/div><figcaption class=\"wp-element-caption\">Mapping <a href=\"https:\/\/www.capdagde.com\/\" data-type=\"link\" data-id=\"https:\/\/www.capdagde.com\/\">P\u00e9zenas<\/a> 2021<\/figcaption><\/figure>\n<\/div><\/div>\n\n\n\n<figure class=\"wp-block-embed alignleft is-type-video is-provider-vimeo wp-block-embed-vimeo wp-embed-aspect-16-9 wp-has-aspect-ratio\"><div class=\"wp-block-embed__wrapper\">\n<iframe loading=\"lazy\" title=\"AgriStars Opener V01.mp4\" src=\"https:\/\/player.vimeo.com\/video\/679663254?dnt=1&amp;app_id=122963\" width=\"640\" height=\"360\" frameborder=\"0\" allow=\"autoplay; fullscreen; picture-in-picture; clipboard-write; encrypted-media; web-share\" referrerpolicy=\"strict-origin-when-cross-origin\"><\/iframe>\n<\/div><figcaption class=\"wp-element-caption\"><a href=\"https:\/\/www.midilibre.fr\/2022\/10\/26\/trophees-de-lagriculture-2022-tout-savoir-sur-cette-edition-inedite-10763882.php\" data-type=\"link\" data-id=\"https:\/\/www.midilibre.fr\/2022\/10\/26\/trophees-de-lagriculture-2022-tout-savoir-sur-cette-edition-inedite-10763882.php\">Midi Libre AgriStars<\/a> Opener 2022<\/figcaption><\/figure>\n\n\n\n<figure class=\"wp-block-embed alignleft is-type-video is-provider-youtube wp-block-embed-youtube wp-embed-aspect-16-9 wp-has-aspect-ratio\"><div class=\"wp-block-embed__wrapper\">\n<iframe loading=\"lazy\" title=\"\ud83c\udfac Tournage Pub La Mentheuse | Lumi\u00e8re, Cam\u00e9ra &amp; Effets \u2013 Book Snoop Video\" width=\"640\" height=\"360\" src=\"https:\/\/www.youtube.com\/embed\/Yjhn5COqlvQ?feature=oembed\" frameborder=\"0\" allow=\"accelerometer; autoplay; clipboard-write; encrypted-media; gyroscope; picture-in-picture; web-share\" referrerpolicy=\"strict-origin-when-cross-origin\" allowfullscreen><\/iframe>\n<\/div><figcaption class=\"wp-element-caption\">PUB <a href=\"https:\/\/www.lamentheuse.com\/\" data-type=\"link\" data-id=\"https:\/\/www.lamentheuse.com\/\">LA MENTHEUSE<\/a> 2024<\/figcaption><\/figure>\n\n\n\n<figure class=\"wp-block-embed alignleft is-type-video is-provider-youtube wp-block-embed-youtube wp-embed-aspect-16-9 wp-has-aspect-ratio\"><div class=\"wp-block-embed__wrapper\">\n<iframe loading=\"lazy\" title=\"MAKING OF | Tournage Packshot La Mentheuse\" width=\"640\" height=\"360\" src=\"https:\/\/www.youtube.com\/embed\/bj13dleYGGs?feature=oembed\" frameborder=\"0\" allow=\"accelerometer; autoplay; clipboard-write; encrypted-media; gyroscope; picture-in-picture; web-share\" referrerpolicy=\"strict-origin-when-cross-origin\" allowfullscreen><\/iframe>\n<\/div><figcaption class=\"wp-element-caption\">MAKING OFF  <a href=\"https:\/\/www.ruffevideo.com\/\" data-type=\"link\" data-id=\"https:\/\/www.ruffevideo.com\/\">RUFFE VIDEO<\/a> BY MEDIA LIVE<\/figcaption><\/figure>\n\n\n\n<figure class=\"wp-block-embed alignleft is-type-video is-provider-youtube wp-block-embed-youtube wp-embed-aspect-16-9 wp-has-aspect-ratio\"><div class=\"wp-block-embed__wrapper\">\n<iframe loading=\"lazy\" title=\"CLIP | On jettera nos montres - YANISS CROZE\" width=\"640\" height=\"360\" src=\"https:\/\/www.youtube.com\/embed\/un9fN8zYqYM?feature=oembed\" frameborder=\"0\" allow=\"accelerometer; autoplay; clipboard-write; encrypted-media; gyroscope; picture-in-picture; web-share\" referrerpolicy=\"strict-origin-when-cross-origin\" allowfullscreen><\/iframe>\n<\/div><figcaption class=\"wp-element-caption\"><strong> <a href=\"https:\/\/www.instagram.com\/yaniss.croze\/\" data-type=\"link\" data-id=\"https:\/\/www.instagram.com\/yaniss.croze\/\">YANISS CROZE<\/a> <br>CLIP | On jettera nos montres <\/strong><\/figcaption><\/figure>\n<\/div><\/div>\n","protected":false},"excerpt":{"rendered":"<p>Chaque projet que nous r\u00e9alisons raconte une histoire unique. De la conception \u00e0 la post-production, nous mettons en lumi\u00e8re la cr\u00e9ativit\u00e9 et l\u2019expertise de chaque intervenant. En parcourant notre s\u00e9lection de vid\u00e9os, vous d\u00e9couvrirez la diversit\u00e9 de nos r\u00e9alisations : publicit\u00e9s, courts-m\u00e9trages, clips, ou contenus institutionnels. Chaque r\u00e9alisation refl\u00e8te notre capacit\u00e9 \u00e0 transformer une id\u00e9e [&hellip;]<\/p>\n","protected":false},"author":1,"featured_media":0,"parent":0,"menu_order":0,"comment_status":"closed","ping_status":"closed","template":"","meta":{"footnotes":""},"class_list":["post-57","page","type-page","status-publish","hentry"],"_links":{"self":[{"href":"https:\/\/snoop-video.fr\/index.php?rest_route=\/wp\/v2\/pages\/57","targetHints":{"allow":["GET"]}}],"collection":[{"href":"https:\/\/snoop-video.fr\/index.php?rest_route=\/wp\/v2\/pages"}],"about":[{"href":"https:\/\/snoop-video.fr\/index.php?rest_route=\/wp\/v2\/types\/page"}],"author":[{"embeddable":true,"href":"https:\/\/snoop-video.fr\/index.php?rest_route=\/wp\/v2\/users\/1"}],"replies":[{"embeddable":true,"href":"https:\/\/snoop-video.fr\/index.php?rest_route=%2Fwp%2Fv2%2Fcomments&post=57"}],"version-history":[{"count":35,"href":"https:\/\/snoop-video.fr\/index.php?rest_route=\/wp\/v2\/pages\/57\/revisions"}],"predecessor-version":[{"id":501,"href":"https:\/\/snoop-video.fr\/index.php?rest_route=\/wp\/v2\/pages\/57\/revisions\/501"}],"wp:attachment":[{"href":"https:\/\/snoop-video.fr\/index.php?rest_route=%2Fwp%2Fv2%2Fmedia&parent=57"}],"curies":[{"name":"wp","href":"https:\/\/api.w.org\/{rel}","templated":true}]}}