{"id":124,"date":"2025-09-12T13:14:48","date_gmt":"2025-09-12T11:14:48","guid":{"rendered":"https:\/\/snoop-video.fr\/?page_id=124"},"modified":"2025-09-15T15:29:48","modified_gmt":"2025-09-15T13:29:48","slug":"reseaux","status":"publish","type":"page","link":"https:\/\/snoop-video.fr\/?page_id=124","title":{"rendered":"R\u00e9seaux"},"content":{"rendered":"<div class=\"wp-block-image\">\n<figure class=\"alignleft size-large\"><img loading=\"lazy\" decoding=\"async\" width=\"1024\" height=\"242\" src=\"https:\/\/snoop-video.fr\/wp-content\/uploads\/2025\/09\/1737380355269-1024x242.jpg\" alt=\"\" class=\"wp-image-338\" srcset=\"https:\/\/snoop-video.fr\/wp-content\/uploads\/2025\/09\/1737380355269-1024x242.jpg 1024w, https:\/\/snoop-video.fr\/wp-content\/uploads\/2025\/09\/1737380355269-300x71.jpg 300w, https:\/\/snoop-video.fr\/wp-content\/uploads\/2025\/09\/1737380355269-768x182.jpg 768w, https:\/\/snoop-video.fr\/wp-content\/uploads\/2025\/09\/1737380355269.jpg 1348w\" sizes=\"auto, (max-width: 1024px) 100vw, 1024px\" \/><figcaption class=\"wp-element-caption\"><br>\ud83c\udfa4 Animateur, journaliste et cr\u00e9ateur de contenus | Sp\u00e9cialiste en Sportainment<br><br>Passionn\u00e9 par l\u2019univers de l\u2019entertainment, je me consacre \u00e0 la cr\u00e9ation et la r\u00e9alisation de contenus multim\u00e9dias innovants. Actuellement, animateur de la tranche matinale 6h-9h sur Radio One, o\u00f9 je dynamise votre r\u00e9veil avec des \u00e9missions captivantes.<br><br>\ud83c\udfa5 Cr\u00e9ateur polyvalent, je produis des vid\u00e9os et podcasts enrichissants, et j\u2019offre mon expertise en tant que speaker sportif. Je m\u2019investis \u00e9galement dans le projet NOOR Sport et Entertainment, d\u00e9di\u00e9 \u00e0 transformer les clubs via le Sportainment.<br><br>\ud83c\udf93 Intervenant dans six \u00e9coles de commerce \u00e0 Montpellier, je guide les entrepreneurs et les entreprises dans l\u2019art de la prise de parole et la cr\u00e9ation de contenus pertinents.<br><br>\ud83d\ude80 Co-fondateur du projet MEDIA LIVE \u00e0 P\u00e9zenas, je travaille au sein d\u2019un collectif d\u2019entreprises pour d\u00e9velopper des solutions innovantes dans le domaine des m\u00e9dias.<br><br>LinkedIn est l&rsquo;espace o\u00f9 je partage mes exp\u00e9riences, conseils et r\u00e9flexions sur les m\u00e9dias et le sport. Rejoignez-moi pour explorer les synergies possibles!<\/figcaption><\/figure>\n<\/div>\n\n<div class=\"wp-block-image\">\n<figure class=\"alignleft size-large is-resized\"><a href=\"https:\/\/media-live.fr\/\"><img loading=\"lazy\" decoding=\"async\" width=\"1024\" height=\"221\" src=\"https:\/\/snoop-video.fr\/wp-content\/uploads\/2025\/09\/mdialive-1024x221.png\" alt=\"M\u00e9dia Livre studio \" class=\"wp-image-297\" style=\"width:440px;height:auto\" srcset=\"https:\/\/snoop-video.fr\/wp-content\/uploads\/2025\/09\/mdialive-1024x221.png 1024w, https:\/\/snoop-video.fr\/wp-content\/uploads\/2025\/09\/mdialive-300x65.png 300w, https:\/\/snoop-video.fr\/wp-content\/uploads\/2025\/09\/mdialive-768x166.png 768w, https:\/\/snoop-video.fr\/wp-content\/uploads\/2025\/09\/mdialive.png 1356w\" sizes=\"auto, (max-width: 1024px) 100vw, 1024px\" \/><\/a><figcaption class=\"wp-element-caption\"><br>Votre Partenaire \u00c9v\u00e8nementiel<br>Depuis 2012, MEDIAL!VE accompagne techniquement les \u00e9v\u00e8nements des plus simples au plus prestigieux. Notre agence \u00e9v\u00e8nementielle ex\u00e9cutive sp\u00e9cialis\u00e9e dans les techniques du son, de l\u2019\u00e9clairage, de la vid\u00e9o et de la sc\u00e9nographie est \u00e0 votre service pour trouver les meilleures solutions en Occitanie, en France et en Europe.<br>Plus qu\u2019un prestataire, nous accompagnons vos projets de l\u2019\u00e9tude \u00e0 la r\u00e9alisation, nous axons notre valeur ajout\u00e9e sur une proposition adapt\u00e9e \u00e0 vos besoins r\u00e9els. Etude, sc\u00e9nographie, sonorisation et mise en lumi\u00e8re d\u2019espace, \u00e9clairage architectural et design lumi\u00e8re, vid\u00e9o LED et projection mapping, d\u00e9coration, signal\u00e9tique et menuiserie, la gestion des flux et la distribution \u00e9lectrique le tout orchestr\u00e9 par des r\u00e9gisseurs techniques d\u00e9di\u00e9s.<br>Plus de 150 \u00e9v\u00e8nements par an !<br>Chaque projet est personnalis\u00e9. De son \u00e9tude \u00e0 son \u00e9laboration, MEDIAL!VE met toutes ses comp\u00e9tences et sa cr\u00e9ativit\u00e9 en \u0153uvre pour vous proposer un projet unique et original. De l\u2019accompagnement \u00e0 la prestation technique, nous sommes calibr\u00e9s pour faire de votre s\u00e9minaire, convention, conf\u00e9rence, pl\u00e9ni\u00e8re, lancement produit, inauguration, soir\u00e9e de gala, concert, spectacle, e-\u00e9v\u00e9nement, salons, congr\u00e8s, d\u00e9fil\u00e9s de mode, spectacle, team building, livestream, \u2026 une v\u00e9ritable r\u00e9ussite !<br>&nbsp;<br>A vous de jouer et faites confiance \u00e0 la team MEDIAL!VE. <a href=\"https:\/\/media-live.fr\/\" data-type=\"link\" data-id=\"https:\/\/media-live.fr\/\">source<\/a><\/figcaption><\/figure>\n<\/div>\n\n<div class=\"wp-block-image\">\n<figure class=\"alignleft size-large is-resized\"><a href=\"https:\/\/www.ruffevideo.com\/\"><img loading=\"lazy\" decoding=\"async\" width=\"1024\" height=\"745\" src=\"https:\/\/snoop-video.fr\/wp-content\/uploads\/2025\/09\/Ruffe2017-1024x745.png\" alt=\"\" class=\"wp-image-299\" style=\"width:336px;height:auto\" srcset=\"https:\/\/snoop-video.fr\/wp-content\/uploads\/2025\/09\/Ruffe2017-1024x745.png 1024w, https:\/\/snoop-video.fr\/wp-content\/uploads\/2025\/09\/Ruffe2017-300x218.png 300w, https:\/\/snoop-video.fr\/wp-content\/uploads\/2025\/09\/Ruffe2017-768x559.png 768w, https:\/\/snoop-video.fr\/wp-content\/uploads\/2025\/09\/Ruffe2017.png 1500w\" sizes=\"auto, (max-width: 1024px) 100vw, 1024px\" \/><\/a><figcaption class=\"wp-element-caption\"><br><strong>CONCEPTION \/ R\u00c9ALISATION \/ POST-PRODUCTION<br>CONCEVOIR, R\u00c9ALISER ET COMMUNIQUER PAR L&rsquo;IMAGE EST UN ART<\/strong><br><img decoding=\"async\" src=\"https:\/\/www.ruffevideo.com\/icones\/homme1.png\"><br>QUI SOMMES NOUS<br>Install\u00e9 \u00e0 Aniane pr\u00e8s de Montpellier dans l&rsquo;H\u00e9rault Ruffe est une agence de communication de conception et de r\u00e9alisation audiovisuelle, sp\u00e9cialis\u00e9e dans la production de films, spots publicitaires, habillages. T\u00e9l\u00e9vision, Cin\u00e9ma. Nous sommes entour\u00e9s de supports de diffusion aux usages multiples, communiquer sur tous ces supports n\u00e9cessite des comp\u00e9tences approfondies. Nous souhaitons mettre nos comp\u00e9tences au service de projets culturels efficaces pour la nature et l\u2019industrie.<br><img decoding=\"async\" src=\"https:\/\/www.ruffevideo.com\/icones\/homme2.png\"><br>QUE FAISONS NOUS<br>la gestion et la coordination de toute la chaine de production. Pr\u00e9-production, tournage, montage, post-production, imagerie de synth\u00e8se, effets sp\u00e9ciaux, mise en \u0153uvre des moyens de diffusions. Nous sommes r\u00e9solument \u00e0 l\u2019\u00e9coute de tout ce qui va nous \u00e9lever et \u00e9duquer. l\u2019image et le son ont un tel pouvoir que pour nous c\u2019est essentiel.<br><img decoding=\"async\" src=\"https:\/\/www.ruffevideo.com\/icones\/homme3.png\"><br>QU&rsquo;APPORTONS NOUS<br>Des concepts, des solutions de r\u00e9alisations \u00e0 des co\u00fbts ma\u00eetris\u00e9s g\u00e9r\u00e9s par une \u00e9quipe de professionnels et des amis passionn\u00e9s ayant plus de 25 ans d\u2019exp\u00e9riences dans les m\u00e9tiers de la communication audiovisuelle. Rare sont les soci\u00e9t\u00e9s qui vivent juste de passions. C\u2019est notre cas ! <a href=\"https:\/\/www.ruffevideo.com\/\" data-type=\"link\" data-id=\"https:\/\/www.ruffevideo.com\/\">source<\/a><\/figcaption><\/figure>\n<\/div>\n\n\n<div style=\"height:2px\" aria-hidden=\"true\" class=\"wp-block-spacer\"><\/div>\n\n\n<div class=\"wp-block-image\">\n<figure class=\"alignleft size-large is-resized\"><img loading=\"lazy\" decoding=\"async\" width=\"1024\" height=\"646\" src=\"https:\/\/snoop-video.fr\/wp-content\/uploads\/2025\/09\/Logo-snoop-vert-1024x646.png\" alt=\"logo snoop vert\" class=\"wp-image-256\" style=\"width:404px;height:auto\" srcset=\"https:\/\/snoop-video.fr\/wp-content\/uploads\/2025\/09\/Logo-snoop-vert-1024x646.png 1024w, https:\/\/snoop-video.fr\/wp-content\/uploads\/2025\/09\/Logo-snoop-vert-300x189.png 300w, https:\/\/snoop-video.fr\/wp-content\/uploads\/2025\/09\/Logo-snoop-vert-768x485.png 768w, https:\/\/snoop-video.fr\/wp-content\/uploads\/2025\/09\/Logo-snoop-vert.png 1499w\" sizes=\"auto, (max-width: 1024px) 100vw, 1024px\" \/><figcaption class=\"wp-element-caption\"><br>&nbsp;<strong>Tomb\u00e9e dedans quand j\u2019\u00e9tais petite.<\/strong><br>L\u2019audiovisuel a toujours fait partie de ma vie. Mon p\u00e8re, \u00c9ric \u2013 alias Rico (<em><a href=\"http:\/\/ruffevideo.com\/\">Ruffevideo<\/a><\/em>) m\u2019a transmis cette passion, et c\u2019est gr\u00e2ce \u00e0 lui que j\u2019ai trouv\u00e9 ma place sur les plateaux.<br>Ils se connaissent depuis plus de 20 ans. De cette amiti\u00e9 et de ce parcours commun est n\u00e9 un beau projet :&nbsp;<strong><a href=\"https:\/\/media-live.fr\/\">Medialive<\/a><\/strong>, un studio qui rassemble plusieurs entrepreneurs ind\u00e9pendants, chacun expert dans son domaine, mais unis par la m\u00eame envie de cr\u00e9er et de transmettre. <br><strong>Je vous propose une vision technique et cr\u00e9ative, h\u00e9rit\u00e9e d\u2019un savoir-faire familial, enrichie par ma propre exp\u00e9rience. Sur le terrain, j\u2019aime \u00eatre ce trait d\u2019union entre tradition et innovation, entre plateau et a\u00e9rien, entre image et \u00e9motion.<\/strong><\/figcaption><\/figure>\n<\/div>","protected":false},"excerpt":{"rendered":"","protected":false},"author":1,"featured_media":0,"parent":0,"menu_order":0,"comment_status":"closed","ping_status":"closed","template":"","meta":{"footnotes":""},"class_list":["post-124","page","type-page","status-publish","hentry"],"_links":{"self":[{"href":"https:\/\/snoop-video.fr\/index.php?rest_route=\/wp\/v2\/pages\/124","targetHints":{"allow":["GET"]}}],"collection":[{"href":"https:\/\/snoop-video.fr\/index.php?rest_route=\/wp\/v2\/pages"}],"about":[{"href":"https:\/\/snoop-video.fr\/index.php?rest_route=\/wp\/v2\/types\/page"}],"author":[{"embeddable":true,"href":"https:\/\/snoop-video.fr\/index.php?rest_route=\/wp\/v2\/users\/1"}],"replies":[{"embeddable":true,"href":"https:\/\/snoop-video.fr\/index.php?rest_route=%2Fwp%2Fv2%2Fcomments&post=124"}],"version-history":[{"count":30,"href":"https:\/\/snoop-video.fr\/index.php?rest_route=\/wp\/v2\/pages\/124\/revisions"}],"predecessor-version":[{"id":751,"href":"https:\/\/snoop-video.fr\/index.php?rest_route=\/wp\/v2\/pages\/124\/revisions\/751"}],"wp:attachment":[{"href":"https:\/\/snoop-video.fr\/index.php?rest_route=%2Fwp%2Fv2%2Fmedia&parent=124"}],"curies":[{"name":"wp","href":"https:\/\/api.w.org\/{rel}","templated":true}]}}